{"id":1415,"date":"2024-10-02T09:17:00","date_gmt":"2024-10-02T06:17:00","guid":{"rendered":"https:\/\/insancharity.org\/?page_id=1415"},"modified":"2024-11-06T14:27:30","modified_gmt":"2024-11-06T11:27:30","slug":"gizlilik-politikasi","status":"publish","type":"page","link":"https:\/\/insancharity.org\/tr\/gizlilik-politikasi\/","title":{"rendered":"Gizlilik Politikas\u0131"},"content":{"rendered":"<p><strong>Son G\u00fcncelleme: 6-11-2024<\/strong><\/p>\n<p><a href=\"https:\/\/insancharity.org\/\" target=\"_new\" rel=\"noopener\">https:\/\/insancharity.org\/<\/a> web sitemizi ziyaret etti\u011finiz ve bize g\u00fcvendi\u011finiz i\u00e7in te\u015fekk\u00fcr ederiz. Ziyaret\u00e7ilerimizin gizlili\u011fine y\u00fcksek \u00f6nem veriyor ve ki\u015fisel bilgilerinizi en \u00fcst d\u00fczeyde \u00f6zen ve g\u00fcvenlik ile korumay\u0131 taahh\u00fct ediyoruz. Web sitemizi kullan\u0131rken sa\u011flad\u0131\u011f\u0131n\u0131z bilgileri nas\u0131l toplad\u0131\u011f\u0131m\u0131z\u0131, kulland\u0131\u011f\u0131m\u0131z\u0131 ve korudu\u011fumuzu anlamak i\u00e7in l\u00fctfen a\u015fa\u011f\u0131daki Gizlilik Politikam\u0131z\u0131 okuyunuz.<\/p>\n<p>&nbsp;<\/p>\n<h3>Toplad\u0131\u011f\u0131m\u0131z Bilgiler:<\/h3>\n<p>Web sitemizi ziyaret etti\u011finizde IP adresiniz, taray\u0131c\u0131 t\u00fcr\u00fcn\u00fcz, tercih edilen diliniz ve sitemizde ziyaret etti\u011finiz sayfalar gibi baz\u0131 ki\u015fisel olmayan bilgileri toplayabiliriz. Bu bilgiler, web sitesi \u00fczerindeki deneyiminizi iyile\u015ftirmemize ve ilgi alanlar\u0131n\u0131z\u0131 daha iyi anlamam\u0131za yard\u0131mc\u0131 olur. Bazen belirli hizmetlere kaydoldu\u011funuzda veya bizimle ileti\u015fim formu \u00fczerinden ileti\u015fime ge\u00e7ti\u011finizde ad, ileti\u015fim numaras\u0131 ve e-posta adresi gibi ki\u015fisel bilgileri talep edebiliriz. Bu bilgileri sizin izniniz olmadan \u00fc\u00e7\u00fcnc\u00fc taraflarla payla\u015fmayaca\u011f\u0131z.<\/p>\n<h3>Bilgilerin Kullan\u0131m\u0131:<\/h3>\n<p>Toplad\u0131\u011f\u0131m\u0131z bilgileri, hizmetlerimizi ve i\u00e7eri\u011fimizi geli\u015ftirmek, web sitesindeki deneyiminizi ki\u015fiselle\u015ftirmek ve ilginizi \u00e7ekebilecek hizmetler ve teklifler hakk\u0131nda sizinle ileti\u015fim kurmak i\u00e7in kullan\u0131r\u0131z. Ki\u015fisel bilgilerinizi a\u00e7\u0131k izniniz olmadan, yasalar gerektirmedik\u00e7e veya ilgili makamlar taraf\u0131ndan talep edilmedik\u00e7e \u00fc\u00e7\u00fcnc\u00fc taraflara satmayaca\u011f\u0131z, kiralamayaca\u011f\u0131z veya takas etmeyece\u011fiz.<\/p>\n<h3>Bilgilerin Korunmas\u0131:<\/h3>\n<p>Ki\u015fisel bilgilerinizi yetkisiz eri\u015fim, kullan\u0131m, de\u011fi\u015ftirme veya if\u015fadan korumak i\u00e7in uygun g\u00fcvenlik \u00f6nlemleri al\u0131r\u0131z. Ancak, internet \u00fczerinde mutlak bir g\u00fcvenli\u011fin olmad\u0131\u011f\u0131n\u0131 ve bu nedenle bilgilerinizi tamamen g\u00fcvence alt\u0131na alma konusunda garanti veremeyece\u011fimizi l\u00fctfen unutmay\u0131n.<\/p>\n<h3>\u00dc\u00e7\u00fcnc\u00fc Taraf Ba\u011flant\u0131lar\u0131:<\/h3>\n<p>Web sitemiz ek ama\u00e7lar i\u00e7in \u00fc\u00e7\u00fcnc\u00fc taraf web sitelerine ba\u011flant\u0131lar i\u00e7erebilir. Bu web sitelerinin gizlilik uygulamalar\u0131ndan veya i\u00e7eri\u011finden sorumlu de\u011filiz. Herhangi bir ki\u015fisel bilgi sa\u011flamadan \u00f6nce l\u00fctfen onlar\u0131n gizlilik politikalar\u0131n\u0131 okuyunuz.<\/p>\n<h3>Onay:<\/h3>\n<p>Web sitemizi kullanarak, bu Gizlilik Politikas\u0131 arac\u0131l\u0131\u011f\u0131yla ki\u015fisel bilgilerinizin toplanmas\u0131na ve kullan\u0131lmas\u0131na izin vermi\u015f olursunuz.<\/p>\n<h3>Gizlilik Politikas\u0131ndaki De\u011fi\u015fiklikler:<\/h3>\n<p>Bu Gizlilik Politikas\u0131n\u0131 zaman zaman g\u00fcncelleyebiliriz ve herhangi bir de\u011fi\u015fiklik bu sayfada yay\u0131nlanacakt\u0131r. Kullan\u0131c\u0131lar, politikalar\u0131m\u0131z hakk\u0131nda bilgi sahibi olmak i\u00e7in bu sayfay\u0131 d\u00fczenli olarak g\u00f6zden ge\u00e7irmeye te\u015fvik edilir.<\/p>\n<h3>\u0130leti\u015fim:<\/h3>\n<p>Gizlilik Politikam\u0131z hakk\u0131nda herhangi bir sorunuz veya talebiniz varsa, l\u00fctfen <a href=\"mailto:info@insancharity.org\" rel=\"noopener\">info@insancharity.org<\/a> adresinden veya web sitemizde bulunan <a href=\"https:\/\/insancharity.org\/tr\/bize-ulasin\/\">ileti\u015fim formu<\/a> arac\u0131l\u0131\u011f\u0131yla bizimle ileti\u015fime ge\u00e7in.<\/p>\n","protected":false},"excerpt":{"rendered":"<p>Son G\u00fcncelleme: 6-11-2024 https:\/\/insancharity.org\/ web sitemizi ziyaret etti\u011finiz ve bize g\u00fcvendi\u011finiz i\u00e7in te\u015fekk\u00fcr ederiz. Ziyaret\u00e7ilerimizin gizlili\u011fine y\u00fcksek \u00f6nem veriyor ve  [&#8230;]<\/p>\n","protected":false},"author":1,"featured_media":0,"parent":0,"menu_order":0,"comment_status":"closed","ping_status":"open","template":"","meta":{"_acf_changed":false,"footnotes":""},"class_list":["post-1415","page","type-page","status-publish","hentry"],"acf":[],"yoast_head":"<!-- This site is optimized with the Yoast SEO plugin v27.5 - https:\/\/yoast.com\/product\/yoast-seo-wordpress\/ -->\n<title>Gizlilik Politikas\u0131 - \u0130nsan \u0130nsani Yard\u0131m Derne\u011fi<\/title>\n<meta name=\"robots\" content=\"index, follow, max-snippet:-1, max-image-preview:large, max-video-preview:-1\" \/>\n<link rel=\"canonical\" href=\"https:\/\/insancharity.org\/tr\/gizlilik-politikasi\/\" \/>\n<meta property=\"og:locale\" content=\"tr_TR\" \/>\n<meta property=\"og:type\" content=\"article\" \/>\n<meta property=\"og:title\" content=\"Gizlilik Politikas\u0131 - \u0130nsan \u0130nsani Yard\u0131m Derne\u011fi\" \/>\n<meta property=\"og:description\" content=\"Son G\u00fcncelleme: 6-11-2024 https:\/\/insancharity.org\/ web sitemizi ziyaret etti\u011finiz ve bize g\u00fcvendi\u011finiz i\u00e7in te\u015fekk\u00fcr ederiz. Ziyaret\u00e7ilerimizin gizlili\u011fine y\u00fcksek \u00f6nem veriyor ve [...]\" \/>\n<meta property=\"og:url\" content=\"https:\/\/insancharity.org\/tr\/gizlilik-politikasi\/\" \/>\n<meta property=\"og:site_name\" content=\"\u0130nsan \u0130nsani Yard\u0131m Derne\u011fi\" \/>\n<meta property=\"article:publisher\" content=\"https:\/\/www.facebook.com\/InsanCharityOrg\" \/>\n<meta property=\"article:modified_time\" content=\"2024-11-06T11:27:30+00:00\" \/>\n<meta property=\"og:image\" content=\"https:\/\/insancharity.org\/wp-content\/uploads\/2024\/10\/Featured-Image-copy.jpg\" \/>\n\t<meta property=\"og:image:width\" content=\"1600\" \/>\n\t<meta property=\"og:image:height\" content=\"900\" \/>\n\t<meta property=\"og:image:type\" content=\"image\/jpeg\" \/>\n<meta name=\"twitter:card\" content=\"summary_large_image\" \/>\n<meta name=\"twitter:site\" content=\"@InsanCharityOrg\" \/>\n<meta name=\"twitter:label1\" content=\"Tahmini okuma s\u00fcresi\" \/>\n\t<meta name=\"twitter:data1\" content=\"3 dakika\" \/>\n<script type=\"application\/ld+json\" class=\"yoast-schema-graph\">{\"@context\":\"https:\\\/\\\/schema.org\",\"@graph\":[{\"@type\":\"WebPage\",\"@id\":\"https:\\\/\\\/insancharity.org\\\/tr\\\/gizlilik-politikasi\\\/\",\"url\":\"https:\\\/\\\/insancharity.org\\\/tr\\\/gizlilik-politikasi\\\/\",\"name\":\"Gizlilik Politikas\u0131 - \u0130nsan \u0130nsani Yard\u0131m Derne\u011fi\",\"isPartOf\":{\"@id\":\"https:\\\/\\\/insancharity.org\\\/tr\\\/#website\"},\"datePublished\":\"2024-10-02T06:17:00+00:00\",\"dateModified\":\"2024-11-06T11:27:30+00:00\",\"breadcrumb\":{\"@id\":\"https:\\\/\\\/insancharity.org\\\/tr\\\/gizlilik-politikasi\\\/#breadcrumb\"},\"inLanguage\":\"tr\",\"potentialAction\":[{\"@type\":\"ReadAction\",\"target\":[\"https:\\\/\\\/insancharity.org\\\/tr\\\/gizlilik-politikasi\\\/\"]}]},{\"@type\":\"BreadcrumbList\",\"@id\":\"https:\\\/\\\/insancharity.org\\\/tr\\\/gizlilik-politikasi\\\/#breadcrumb\",\"itemListElement\":[{\"@type\":\"ListItem\",\"position\":1,\"name\":\"\u0627\u0644\u0631\u0626\u064a\u0633\u064a\u0629\",\"item\":\"https:\\\/\\\/insancharity.org\\\/tr\\\/\"},{\"@type\":\"ListItem\",\"position\":2,\"name\":\"Gizlilik Politikas\u0131\"}]},{\"@type\":\"WebSite\",\"@id\":\"https:\\\/\\\/insancharity.org\\\/tr\\\/#website\",\"url\":\"https:\\\/\\\/insancharity.org\\\/tr\\\/\",\"name\":\"\u0645\u0646\u0638\u0645\u0629 \u0625\u0646\u0633\u0627\u0646 \u0627\u0644\u062e\u064a\u0631\u064a\u0629\",\"description\":\"\",\"publisher\":{\"@id\":\"https:\\\/\\\/insancharity.org\\\/tr\\\/#organization\"},\"potentialAction\":[{\"@type\":\"SearchAction\",\"target\":{\"@type\":\"EntryPoint\",\"urlTemplate\":\"https:\\\/\\\/insancharity.org\\\/tr\\\/?s={search_term_string}\"},\"query-input\":{\"@type\":\"PropertyValueSpecification\",\"valueRequired\":true,\"valueName\":\"search_term_string\"}}],\"inLanguage\":\"tr\"},{\"@type\":\"Organization\",\"@id\":\"https:\\\/\\\/insancharity.org\\\/tr\\\/#organization\",\"name\":\"\u0130nsan \u0130nsani Yard\u0131m Derne\u011fi\",\"url\":\"https:\\\/\\\/insancharity.org\\\/tr\\\/\",\"logo\":{\"@type\":\"ImageObject\",\"inLanguage\":\"tr\",\"@id\":\"https:\\\/\\\/insancharity.org\\\/tr\\\/#\\\/schema\\\/logo\\\/image\\\/\",\"url\":\"https:\\\/\\\/insancharity.org\\\/wp-content\\\/uploads\\\/2024\\\/10\\\/Logo-SQ.png\",\"contentUrl\":\"https:\\\/\\\/insancharity.org\\\/wp-content\\\/uploads\\\/2024\\\/10\\\/Logo-SQ.png\",\"width\":1080,\"height\":1080,\"caption\":\"\u0130nsan \u0130nsani Yard\u0131m Derne\u011fi\"},\"image\":{\"@id\":\"https:\\\/\\\/insancharity.org\\\/tr\\\/#\\\/schema\\\/logo\\\/image\\\/\"},\"sameAs\":[\"https:\\\/\\\/www.facebook.com\\\/InsanCharityOrg\",\"https:\\\/\\\/x.com\\\/InsanCharityOrg\",\"https:\\\/\\\/instagram.com\\\/insancharityorg\",\"https:\\\/\\\/www.youtube.com\\\/channel\\\/UCvHB6-QYyzBBMQ6lbtxAbhg\",\"https:\\\/\\\/www.linkedin.com\\\/company\\\/insancharity\\\/\"]}]}<\/script>\n<!-- \/ Yoast SEO plugin. -->","yoast_head_json":{"title":"Gizlilik Politikas\u0131 - \u0130nsan \u0130nsani Yard\u0131m Derne\u011fi","robots":{"index":"index","follow":"follow","max-snippet":"max-snippet:-1","max-image-preview":"max-image-preview:large","max-video-preview":"max-video-preview:-1"},"canonical":"https:\/\/insancharity.org\/tr\/gizlilik-politikasi\/","og_locale":"tr_TR","og_type":"article","og_title":"Gizlilik Politikas\u0131 - \u0130nsan \u0130nsani Yard\u0131m Derne\u011fi","og_description":"Son G\u00fcncelleme: 6-11-2024 https:\/\/insancharity.org\/ web sitemizi ziyaret etti\u011finiz ve bize g\u00fcvendi\u011finiz i\u00e7in te\u015fekk\u00fcr ederiz. Ziyaret\u00e7ilerimizin gizlili\u011fine y\u00fcksek \u00f6nem veriyor ve [...]","og_url":"https:\/\/insancharity.org\/tr\/gizlilik-politikasi\/","og_site_name":"\u0130nsan \u0130nsani Yard\u0131m Derne\u011fi","article_publisher":"https:\/\/www.facebook.com\/InsanCharityOrg","article_modified_time":"2024-11-06T11:27:30+00:00","og_image":[{"width":1600,"height":900,"url":"https:\/\/insancharity.org\/wp-content\/uploads\/2024\/10\/Featured-Image-copy.jpg","type":"image\/jpeg"}],"twitter_card":"summary_large_image","twitter_site":"@InsanCharityOrg","twitter_misc":{"Tahmini okuma s\u00fcresi":"3 dakika"},"schema":{"@context":"https:\/\/schema.org","@graph":[{"@type":"WebPage","@id":"https:\/\/insancharity.org\/tr\/gizlilik-politikasi\/","url":"https:\/\/insancharity.org\/tr\/gizlilik-politikasi\/","name":"Gizlilik Politikas\u0131 - \u0130nsan \u0130nsani Yard\u0131m Derne\u011fi","isPartOf":{"@id":"https:\/\/insancharity.org\/tr\/#website"},"datePublished":"2024-10-02T06:17:00+00:00","dateModified":"2024-11-06T11:27:30+00:00","breadcrumb":{"@id":"https:\/\/insancharity.org\/tr\/gizlilik-politikasi\/#breadcrumb"},"inLanguage":"tr","potentialAction":[{"@type":"ReadAction","target":["https:\/\/insancharity.org\/tr\/gizlilik-politikasi\/"]}]},{"@type":"BreadcrumbList","@id":"https:\/\/insancharity.org\/tr\/gizlilik-politikasi\/#breadcrumb","itemListElement":[{"@type":"ListItem","position":1,"name":"\u0627\u0644\u0631\u0626\u064a\u0633\u064a\u0629","item":"https:\/\/insancharity.org\/tr\/"},{"@type":"ListItem","position":2,"name":"Gizlilik Politikas\u0131"}]},{"@type":"WebSite","@id":"https:\/\/insancharity.org\/tr\/#website","url":"https:\/\/insancharity.org\/tr\/","name":"\u0645\u0646\u0638\u0645\u0629 \u0625\u0646\u0633\u0627\u0646 \u0627\u0644\u062e\u064a\u0631\u064a\u0629","description":"","publisher":{"@id":"https:\/\/insancharity.org\/tr\/#organization"},"potentialAction":[{"@type":"SearchAction","target":{"@type":"EntryPoint","urlTemplate":"https:\/\/insancharity.org\/tr\/?s={search_term_string}"},"query-input":{"@type":"PropertyValueSpecification","valueRequired":true,"valueName":"search_term_string"}}],"inLanguage":"tr"},{"@type":"Organization","@id":"https:\/\/insancharity.org\/tr\/#organization","name":"\u0130nsan \u0130nsani Yard\u0131m Derne\u011fi","url":"https:\/\/insancharity.org\/tr\/","logo":{"@type":"ImageObject","inLanguage":"tr","@id":"https:\/\/insancharity.org\/tr\/#\/schema\/logo\/image\/","url":"https:\/\/insancharity.org\/wp-content\/uploads\/2024\/10\/Logo-SQ.png","contentUrl":"https:\/\/insancharity.org\/wp-content\/uploads\/2024\/10\/Logo-SQ.png","width":1080,"height":1080,"caption":"\u0130nsan \u0130nsani Yard\u0131m Derne\u011fi"},"image":{"@id":"https:\/\/insancharity.org\/tr\/#\/schema\/logo\/image\/"},"sameAs":["https:\/\/www.facebook.com\/InsanCharityOrg","https:\/\/x.com\/InsanCharityOrg","https:\/\/instagram.com\/insancharityorg","https:\/\/www.youtube.com\/channel\/UCvHB6-QYyzBBMQ6lbtxAbhg","https:\/\/www.linkedin.com\/company\/insancharity\/"]}]}},"_links":{"self":[{"href":"https:\/\/insancharity.org\/tr\/wp-json\/wp\/v2\/pages\/1415","targetHints":{"allow":["GET"]}}],"collection":[{"href":"https:\/\/insancharity.org\/tr\/wp-json\/wp\/v2\/pages"}],"about":[{"href":"https:\/\/insancharity.org\/tr\/wp-json\/wp\/v2\/types\/page"}],"author":[{"embeddable":true,"href":"https:\/\/insancharity.org\/tr\/wp-json\/wp\/v2\/users\/1"}],"replies":[{"embeddable":true,"href":"https:\/\/insancharity.org\/tr\/wp-json\/wp\/v2\/comments?post=1415"}],"version-history":[{"count":4,"href":"https:\/\/insancharity.org\/tr\/wp-json\/wp\/v2\/pages\/1415\/revisions"}],"predecessor-version":[{"id":1462,"href":"https:\/\/insancharity.org\/tr\/wp-json\/wp\/v2\/pages\/1415\/revisions\/1462"}],"wp:attachment":[{"href":"https:\/\/insancharity.org\/tr\/wp-json\/wp\/v2\/media?parent=1415"}],"curies":[{"name":"wp","href":"https:\/\/api.w.org\/{rel}","templated":true}]}}