{"id":1411,"date":"2024-10-15T12:29:38","date_gmt":"2024-10-15T09:29:38","guid":{"rendered":"https:\/\/insancharity.org\/%d8%aa%d8%b7%d9%88%d8%b9-%d9%85%d8%b9%d9%86%d8%a7\/"},"modified":"2024-11-03T22:24:52","modified_gmt":"2024-11-03T19:24:52","slug":"bizimle-gonullu-olun","status":"publish","type":"page","link":"https:\/\/insancharity.org\/tr\/bizimle-gonullu-olun\/","title":{"rendered":"Bizimle g\u00f6n\u00fcll\u00fc olun"},"content":{"rendered":"<div class=\"fusion-fullwidth fullwidth-box fusion-builder-row-1 fusion-flex-container has-pattern-background has-mask-background nonhundred-percent-fullwidth non-hundred-percent-height-scrolling\" style=\"--awb-border-radius-top-left:0px;--awb-border-radius-top-right:0px;--awb-border-radius-bottom-right:0px;--awb-border-radius-bottom-left:0px;--awb-flex-wrap:wrap;\" ><div class=\"fusion-builder-row fusion-row fusion-flex-align-items-flex-start fusion-flex-content-wrap\" style=\"max-width:1248px;margin-left: calc(-4% \/ 2 );margin-right: calc(-4% \/ 2 );\"><div class=\"fusion-layout-column fusion_builder_column fusion-builder-column-0 fusion_builder_column_1_1 1_1 fusion-flex-column\" style=\"--awb-bg-size:cover;--awb-width-large:100%;--awb-margin-top-large:0px;--awb-spacing-right-large:1.92%;--awb-margin-bottom-large:20px;--awb-spacing-left-large:1.92%;--awb-width-medium:100%;--awb-order-medium:0;--awb-spacing-right-medium:1.92%;--awb-spacing-left-medium:1.92%;--awb-width-small:100%;--awb-order-small:0;--awb-spacing-right-small:1.92%;--awb-spacing-left-small:1.92%;\"><div class=\"fusion-column-wrapper fusion-column-has-shadow fusion-flex-justify-content-flex-start fusion-content-layout-column\"><div class=\"fusion-form fusion-form-builder fusion-form-form-wrapper fusion-form-1435\" style=\"--awb-tooltip-text-color:#ffffff;--awb-tooltip-background-color:#333333;--awb-form-border-color:hsla(var(--awb-color4-h),var(--awb-color4-s),var(--awb-color4-l),calc(var(--awb-color4-a) - 81%));\" data-form-id=\"1435\" data-config=\"{&quot;form_id&quot;:1435,&quot;form_post_id&quot;:1435,&quot;post_id&quot;:1411,&quot;form_type&quot;:&quot;ajax&quot;,&quot;confirmation_type&quot;:&quot;message&quot;,&quot;redirect_url&quot;:&quot;&quot;,&quot;field_labels&quot;:{&quot;english-full-name&quot;:&quot;Ad Soyad&quot;,&quot;document-type&quot;:&quot;Kimlik t\\u00fcr\\u00fc&quot;,&quot;email&quot;:&quot;E-posta&quot;,&quot;phone&quot;:&quot;Telefon numaras\\u0131&quot;,&quot;il&quot;:&quot;\\u0130l&quot;,&quot;ilce&quot;:&quot;\\u0130l\\u00e7e&quot;,&quot;gender&quot;:&quot;Cinsiyet&quot;,&quot;marital-status&quot;:&quot;Medeni durum&quot;,&quot;degree&quot;:&quot;Bilim sertifikas\\u0131&quot;,&quot;specialty&quot;:&quot;Bilimsel uzmanl\\u0131k&quot;},&quot;field_logics&quot;:{&quot;english-full-name&quot;:&quot;&quot;,&quot;document-type&quot;:&quot;&quot;,&quot;email&quot;:&quot;&quot;,&quot;phone&quot;:&quot;&quot;,&quot;il&quot;:&quot;&quot;,&quot;ilce&quot;:&quot;&quot;,&quot;gender&quot;:&quot;&quot;,&quot;marital-status&quot;:&quot;&quot;,&quot;degree&quot;:&quot;&quot;,&quot;specialty&quot;:&quot;&quot;,&quot;notice_1&quot;:&quot;&quot;,&quot;submit_1&quot;:&quot;&quot;},&quot;field_types&quot;:{&quot;english-full-name&quot;:&quot;text&quot;,&quot;document-type&quot;:&quot;select&quot;,&quot;email&quot;:&quot;email&quot;,&quot;phone&quot;:&quot;phone_number&quot;,&quot;il&quot;:&quot;text&quot;,&quot;ilce&quot;:&quot;text&quot;,&quot;gender&quot;:&quot;radio&quot;,&quot;marital-status&quot;:&quot;radio&quot;,&quot;degree&quot;:&quot;select&quot;,&quot;specialty&quot;:&quot;text&quot;,&quot;recaptcha_1&quot;:&quot;recaptcha&quot;,&quot;notice_1&quot;:&quot;notice&quot;,&quot;submit_1&quot;:&quot;submit&quot;},&quot;nonce_method&quot;:&quot;ajax&quot;,&quot;form_views&quot;:&quot;ajax&quot;,&quot;form_views_counting&quot;:&quot;all&quot;}\"><form action=\"https:\/\/insancharity.org\/tr\/bizimle-gonullu-olun\/\" method=\"post\" class=\"fusion-form fusion-form-1435\"><div class=\"fusion-fullwidth fullwidth-box fusion-builder-row-1-1 fusion-flex-container has-pattern-background has-mask-background nonhundred-percent-fullwidth non-hundred-percent-height-scrolling\" style=\"--awb-border-radius-top-left:0px;--awb-border-radius-top-right:0px;--awb-border-radius-bottom-right:0px;--awb-border-radius-bottom-left:0px;--awb-flex-wrap:wrap;\" ><div class=\"fusion-builder-row fusion-row fusion-flex-align-items-flex-start fusion-flex-content-wrap\" style=\"width:104% !important;max-width:104% !important;margin-left: calc(-4% \/ 2 );margin-right: calc(-4% \/ 2 );\"><div class=\"fusion-layout-column fusion_builder_column fusion-builder-column-1 fusion_builder_column_1_1 1_1 fusion-flex-column\" style=\"--awb-bg-size:cover;--awb-width-large:100%;--awb-flex-grow:0;--awb-flex-shrink:0;--awb-margin-top-large:0px;--awb-spacing-right-large:1.92%;--awb-margin-bottom-large:20px;--awb-spacing-left-large:1.92%;--awb-width-medium:100%;--awb-order-medium:0;--awb-flex-grow-medium:0;--awb-flex-shrink-medium:0;--awb-spacing-right-medium:1.92%;--awb-spacing-left-medium:1.92%;--awb-width-small:100%;--awb-order-small:0;--awb-flex-grow-small:0;--awb-flex-shrink-small:0;--awb-spacing-right-small:1.92%;--awb-spacing-left-small:1.92%;\"><div class=\"fusion-column-wrapper fusion-column-has-shadow fusion-flex-justify-content-flex-start fusion-content-layout-column\"><div class=\"fusion-form-field fusion-form-text-field fusion-form-label-above\" style=\"\" data-form-id=\"1435\"><div class=\"fusion-form-label-wrapper\"><label for=\"english-full-name\">Ad Soyad <abbr class=\"fusion-form-element-required\" title=\"required\">*<\/abbr><\/label><\/div><input type=\"text\" autocomplete=\"off\" name=\"english-full-name\" id=\"english-full-name\" value=\"\"  class=\"fusion-form-input\" required=\"true\" aria-required=\"true\" data-holds-private-data=\"false\" minlength=\"0\"\/><\/div><div class=\"fusion-form-field fusion-form-select-field fusion-form-label-above\" style=\"\" data-form-id=\"1435\"><label for=\"document-type\">Kimlik t\u00fcr\u00fc <abbr class=\"fusion-form-element-required\" title=\"required\">*<\/abbr><\/label><div class=\"fusion-select-wrapper\"><select autocomplete=\"off\" data-empty-notice=\"L\u00fctfen kimlik belgenizi se\u00e7in\" tabindex=\"\" id=\"document-type\" name=\"document-type\" class=\"fusion-form-input\" required=\"true\" aria-required=\"true\" data-holds-private-data=\"false\"><option value=\"Pasaport\" >Pasaport<\/option><option value=\"Ki\u015fisel kimlik kart\u0131\" >Ki\u015fisel kimlik kart\u0131<\/option><option value=\"N\u00fcfus kayd\u0131\" >N\u00fcfus kayd\u0131<\/option><option value=\"Hi\u00e7bir \u015fey\" >Hi\u00e7bir \u015fey<\/option><\/select><div class=\"select-arrow\"><svg width=\"12\" height=\"8\" viewBox=\"0 0 12 8\" fill=\"none\" xmlns=\"http:\/\/www.w3.org\/2000\/svg\"> <path d=\"M1.5 1.75L6 6.25L10.5 1.75\" stroke=\"#6D6D6D\" stroke-width=\"2\" stroke-linecap=\"round\" stroke-linejoin=\"round\"\/> <\/svg><\/div><\/div><\/div><div class=\"fusion-form-field fusion-form-email-field fusion-form-label-above\" style=\"\" data-form-id=\"1435\"><div class=\"fusion-form-label-wrapper\"><label for=\"email\">E-posta <abbr class=\"fusion-form-element-required\" title=\"required\">*<\/abbr><\/label><\/div><input type=\"email\" autocomplete=\"off\"  data-empty-notice=\"L\u00fctfen e-postan\u0131z\u0131 do\u011fru girin\" name=\"email\" id=\"email\" value=\"\"  class=\"fusion-form-input\" required=\"true\" aria-required=\"true\" data-holds-private-data=\"false\"\/><\/div><div class=\"fusion-form-field fusion-form-phone-number-field fusion-form-label-above\" style=\"\" data-form-id=\"1435\"><div class=\"fusion-form-label-wrapper\"><label for=\"phone\">Telefon numaras\u0131 <abbr class=\"fusion-form-element-required\" title=\"required\">*<\/abbr><\/label><\/div><div class=\"fusion-form-input-with-icon\"><i class=\"awb-form-icon fa-phone-square-alt fas\"><\/i><input type=\"tel\" autocomplete=\"off\"  data-empty-notice=\"L\u00fctfen telefon numaran\u0131z\u0131 girin\" name=\"phone\" id=\"phone\" value=\"\"  class=\"fusion-form-input\" required=\"true\" aria-required=\"true\" data-holds-private-data=\"false\"\/><\/div><\/div><div class=\"fusion-form-field fusion-form-text-field fusion-form-label-above\" style=\"\" data-form-id=\"1435\"><div class=\"fusion-form-label-wrapper\"><label for=\"il\">\u0130l <abbr class=\"fusion-form-element-required\" title=\"required\">*<\/abbr><\/label><\/div><input type=\"text\" autocomplete=\"off\" name=\"il\" id=\"il\" value=\"\"  class=\"fusion-form-input\" required=\"true\" aria-required=\"true\" data-holds-private-data=\"false\" minlength=\"0\"\/><\/div><div class=\"fusion-form-field fusion-form-text-field fusion-form-label-above\" style=\"\" data-form-id=\"1435\"><div class=\"fusion-form-label-wrapper\"><label for=\"ilce\">\u0130l\u00e7e <abbr class=\"fusion-form-element-required\" title=\"required\">*<\/abbr><\/label><\/div><input type=\"text\" autocomplete=\"off\" name=\"ilce\" id=\"ilce\" value=\"\"  class=\"fusion-form-input\" required=\"true\" aria-required=\"true\" data-holds-private-data=\"false\" minlength=\"0\"\/><\/div><div class=\"fusion-form-field fusion-form-radio-field fusion-form-label-above\" style=\"\" data-form-id=\"1435\"><fieldset><legend class=\"fusion-form-label-wrapper\"><span class=\"label\">Cinsiyet <abbr class=\"fusion-form-element-required\" title=\"required\">*<\/abbr><\/span><\/legend><div class=\"fusion-form-radio option-inline\"><input data-empty-notice=\"L\u00fctfen cinsiyet se\u00e7in\" tabindex=\"\" id=\"radio-gender-1-0\" type=\"radio\" value=\"Bay\" name=\"gender\" class=\"fusion-form-input\" required=\"true\" aria-required=\"true\" data-holds-private-data=\"false\"\/><label for=\"radio-gender-1-0\">Bay<\/label><\/div><div class=\"fusion-form-radio option-inline\"><input data-empty-notice=\"L\u00fctfen cinsiyet se\u00e7in\" tabindex=\"\" id=\"radio-gender-1-1\" type=\"radio\" value=\"Bayan\" name=\"gender\" class=\"fusion-form-input\" required=\"true\" aria-required=\"true\" data-holds-private-data=\"false\"\/><label for=\"radio-gender-1-1\">Bayan<\/label><\/div><\/fieldset><\/div><div class=\"fusion-form-field fusion-form-radio-field fusion-form-label-above\" style=\"\" data-form-id=\"1435\"><fieldset><legend class=\"fusion-form-label-wrapper\"><span class=\"label\">Medeni durum <abbr class=\"fusion-form-element-required\" title=\"required\">*<\/abbr><\/span><\/legend><div class=\"fusion-form-radio option-inline\"><input data-empty-notice=\"Medeni durumunu girin\" tabindex=\"\" id=\"radio-marital-status-2-0\" type=\"radio\" value=\"Evli\" name=\"marital-status\" class=\"fusion-form-input\" required=\"true\" aria-required=\"true\" data-holds-private-data=\"false\"\/><label for=\"radio-marital-status-2-0\">Evli<\/label><\/div><div class=\"fusion-form-radio option-inline\"><input data-empty-notice=\"Medeni durumunu girin\" tabindex=\"\" id=\"radio-marital-status-2-1\" type=\"radio\" value=\"Bekar\" name=\"marital-status\" class=\"fusion-form-input\" required=\"true\" aria-required=\"true\" data-holds-private-data=\"false\"\/><label for=\"radio-marital-status-2-1\">Bekar<\/label><\/div><\/fieldset><\/div><div class=\"fusion-form-field fusion-form-select-field fusion-form-label-above\" style=\"\" data-form-id=\"1435\"><label for=\"degree\">Bilim sertifikas\u0131 <abbr class=\"fusion-form-element-required\" title=\"required\">*<\/abbr><\/label><div class=\"fusion-select-wrapper\"><select autocomplete=\"off\" data-empty-notice=\"E\u011fitim durumunuzu se\u00e7in\" tabindex=\"\" id=\"degree\" name=\"degree\" class=\"fusion-form-input\" required=\"true\" aria-required=\"true\" data-holds-private-data=\"false\"><option value=\"Doktora\" >Doktora<\/option><option value=\"Y\u00fcksek Lisans\" >Y\u00fcksek Lisans<\/option><option value=\"lisans\" >lisans<\/option><option value=\"Orta enstit\u00fc\" >Orta enstit\u00fc<\/option><\/select><div class=\"select-arrow\"><svg width=\"12\" height=\"8\" viewBox=\"0 0 12 8\" fill=\"none\" xmlns=\"http:\/\/www.w3.org\/2000\/svg\"> <path d=\"M1.5 1.75L6 6.25L10.5 1.75\" stroke=\"#6D6D6D\" stroke-width=\"2\" stroke-linecap=\"round\" stroke-linejoin=\"round\"\/> <\/svg><\/div><\/div><\/div><div class=\"fusion-form-field fusion-form-text-field fusion-form-label-above\" style=\"\" data-form-id=\"1435\"><div class=\"fusion-form-label-wrapper\"><label for=\"specialty\">Bilimsel uzmanl\u0131k <abbr class=\"fusion-form-element-required\" title=\"required\">*<\/abbr><\/label><\/div><input type=\"text\" autocomplete=\"off\"  data-empty-notice=\"Akademik dal\u0131n\u0131z\u0131 buraya girin\" name=\"specialty\" id=\"specialty\" value=\"\"  class=\"fusion-form-input\" required=\"true\" aria-required=\"true\" data-holds-private-data=\"false\" minlength=\"0\"\/><\/div><div class=\"fusion-form-field fusion-form-recaptcha-field fusion-form-label-above\" style=\"\" data-form-id=\"1435\">\t\t\t\t<div class=\"form-creator-recaptcha\" >\n\t\t\t\t\t\t\t\t\t\t\t\t\t\t\t\t\t\t\t\t\t\t\t<div class=\"fusion-form-recaptcha-wrapper\">\n\t\t\t\t\t\t\t\t\t\t<div\n\t\t\t\t\t\t\tid=\"g-recaptcha-id-form-1435\"\n\t\t\t\t\t\t\tclass=\"fusion-form-recaptcha-v3 recaptcha-container \"\n\t\t\t\t\t\t\tdata-sitekey=\"6LfFMmQqAAAAAOo5_InbobRcfWMzhovD58DlakxY\"\n\t\t\t\t\t\t\tdata-badge=\"inline\">\n\t\t\t\t\t\t<\/div>\n\t\t\t\t\t\t<input\n\t\t\t\t\t\t\ttype=\"hidden\"\n\t\t\t\t\t\t\tname=\"fusion-form-recaptcha-response\"\n\t\t\t\t\t\t\tclass=\"g-recaptcha-response\"\n\t\t\t\t\t\t\tid=\"fusion-form-recaptcha-response-1435\"\n\t\t\t\t\t\t\tvalue=\"\">\n\t\t\t\t\t\t\t\t\t<\/div>\n\t\t\t\t\t\t\t\t\t\t\t\t\t\t\t<\/div>\n\t\t\t\t<\/div><div class=\"form-submission-notices data-notice_1\" id=\"fusion-notices-1\"><div class=\"fusion-alert alert success alert-success fusion-alert-center fusion-form-response fusion-form-response-success awb-alert-native-link-color alert-dismissable awb-alert-close-boxed\" role=\"alert\"><div class=\"fusion-alert-content-wrapper\"><span class=\"alert-icon\"><i class=\"awb-icon-check-circle\" aria-hidden=\"true\"><\/i><\/span><span class=\"fusion-alert-content\">Talebiniz i\u00e7in te\u015fekk\u00fcr ederiz, Allah'\u0131n izniyle yak\u0131nda sizinle ileti\u015fime ge\u00e7ece\u011fiz.<\/span><\/div><button type=\"button\" class=\"close toggle-alert\" data-dismiss=\"alert\" aria-label=\"Close\">&times;<\/button><\/div><div class=\"fusion-alert alert error alert-danger fusion-alert-center fusion-form-response fusion-form-response-error awb-alert-native-link-color alert-dismissable awb-alert-close-boxed\" role=\"alert\"><div class=\"fusion-alert-content-wrapper\"><span class=\"alert-icon\"><i class=\"awb-icon-exclamation-triangle\" aria-hidden=\"true\"><\/i><\/span><span class=\"fusion-alert-content\">Bir sorun olu\u015ftu. L\u00fctfen tekrar deneyin. Sorun tekrar olu\u015fursa l\u00fctfen ba\u015fka bir taray\u0131c\u0131dan deneyin.<\/span><\/div><button type=\"button\" class=\"close toggle-alert\" data-dismiss=\"alert\" aria-label=\"Close\">&times;<\/button><\/div><\/div><div class=\"fusion-form-field fusion-form-submit-field fusion-form-label-above\" style=\"\" data-form-id=\"1435\"><div ><button type=\"submit\" class=\"fusion-button button-flat fusion-button-default-size button-default fusion-button-default button-1 fusion-button-default-span  button-default form-form-submit\" data-form-number=\"1435\" tabindex=\"\"><span class=\"fusion-button-text awb-button__text awb-button__text--default\">\u0623\u0631\u0633\u0644<\/span><\/button><\/div><\/div><\/div><\/div><\/div><\/div><input type=\"hidden\" name=\"fusion_privacy_store_ip_ua\" value=\"false\"><input type=\"hidden\" name=\"fusion_privacy_expiration_interval\" value=\"48\"><input type=\"hidden\" name=\"privacy_expiration_action\" value=\"anonymize\"><\/form><\/div><\/div><\/div><\/div><\/div>\n","protected":false},"excerpt":{"rendered":"","protected":false},"author":1,"featured_media":0,"parent":0,"menu_order":0,"comment_status":"closed","ping_status":"closed","template":"","meta":{"_acf_changed":false,"footnotes":""},"class_list":["post-1411","page","type-page","status-publish","hentry"],"acf":[],"yoast_head":"<!-- This site is optimized with the Yoast SEO plugin v27.3 - https:\/\/yoast.com\/product\/yoast-seo-wordpress\/ -->\n<title>Bizimle g\u00f6n\u00fcll\u00fc olun - \u0130nsan \u0130nsani Yard\u0131m Derne\u011fi<\/title>\n<meta name=\"robots\" content=\"index, follow, max-snippet:-1, max-image-preview:large, max-video-preview:-1\" \/>\n<link rel=\"canonical\" href=\"https:\/\/insancharity.org\/tr\/bizimle-gonullu-olun\/\" \/>\n<meta property=\"og:locale\" content=\"tr_TR\" \/>\n<meta property=\"og:type\" content=\"article\" \/>\n<meta property=\"og:title\" content=\"Bizimle g\u00f6n\u00fcll\u00fc olun - \u0130nsan \u0130nsani Yard\u0131m Derne\u011fi\" \/>\n<meta property=\"og:url\" content=\"https:\/\/insancharity.org\/tr\/bizimle-gonullu-olun\/\" \/>\n<meta property=\"og:site_name\" content=\"\u0130nsan \u0130nsani Yard\u0131m Derne\u011fi\" \/>\n<meta property=\"article:publisher\" content=\"https:\/\/www.facebook.com\/InsanCharityOrg\" \/>\n<meta property=\"article:modified_time\" content=\"2024-11-03T19:24:52+00:00\" \/>\n<meta property=\"og:image\" content=\"https:\/\/insancharity.org\/wp-content\/uploads\/2024\/10\/Featured-Image-copy.jpg\" \/>\n\t<meta property=\"og:image:width\" content=\"1600\" \/>\n\t<meta property=\"og:image:height\" content=\"900\" \/>\n\t<meta property=\"og:image:type\" content=\"image\/jpeg\" \/>\n<meta name=\"twitter:card\" content=\"summary_large_image\" \/>\n<meta name=\"twitter:site\" content=\"@InsanCharityOrg\" \/>\n<meta name=\"twitter:label1\" content=\"Tahmini okuma s\u00fcresi\" \/>\n\t<meta name=\"twitter:data1\" content=\"3 dakika\" \/>\n<script type=\"application\/ld+json\" class=\"yoast-schema-graph\">{\"@context\":\"https:\\\/\\\/schema.org\",\"@graph\":[{\"@type\":\"WebPage\",\"@id\":\"https:\\\/\\\/insancharity.org\\\/tr\\\/bizimle-gonullu-olun\\\/\",\"url\":\"https:\\\/\\\/insancharity.org\\\/tr\\\/bizimle-gonullu-olun\\\/\",\"name\":\"Bizimle g\u00f6n\u00fcll\u00fc olun - \u0130nsan \u0130nsani Yard\u0131m Derne\u011fi\",\"isPartOf\":{\"@id\":\"https:\\\/\\\/insancharity.org\\\/tr\\\/#website\"},\"datePublished\":\"2024-10-15T09:29:38+00:00\",\"dateModified\":\"2024-11-03T19:24:52+00:00\",\"breadcrumb\":{\"@id\":\"https:\\\/\\\/insancharity.org\\\/tr\\\/bizimle-gonullu-olun\\\/#breadcrumb\"},\"inLanguage\":\"tr\",\"potentialAction\":[{\"@type\":\"ReadAction\",\"target\":[\"https:\\\/\\\/insancharity.org\\\/tr\\\/bizimle-gonullu-olun\\\/\"]}]},{\"@type\":\"BreadcrumbList\",\"@id\":\"https:\\\/\\\/insancharity.org\\\/tr\\\/bizimle-gonullu-olun\\\/#breadcrumb\",\"itemListElement\":[{\"@type\":\"ListItem\",\"position\":1,\"name\":\"\u0627\u0644\u0631\u0626\u064a\u0633\u064a\u0629\",\"item\":\"https:\\\/\\\/insancharity.org\\\/tr\\\/\"},{\"@type\":\"ListItem\",\"position\":2,\"name\":\"Bizimle g\u00f6n\u00fcll\u00fc olun\"}]},{\"@type\":\"WebSite\",\"@id\":\"https:\\\/\\\/insancharity.org\\\/tr\\\/#website\",\"url\":\"https:\\\/\\\/insancharity.org\\\/tr\\\/\",\"name\":\"\u0645\u0646\u0638\u0645\u0629 \u0625\u0646\u0633\u0627\u0646 \u0627\u0644\u062e\u064a\u0631\u064a\u0629\",\"description\":\"\",\"publisher\":{\"@id\":\"https:\\\/\\\/insancharity.org\\\/tr\\\/#organization\"},\"potentialAction\":[{\"@type\":\"SearchAction\",\"target\":{\"@type\":\"EntryPoint\",\"urlTemplate\":\"https:\\\/\\\/insancharity.org\\\/tr\\\/?s={search_term_string}\"},\"query-input\":{\"@type\":\"PropertyValueSpecification\",\"valueRequired\":true,\"valueName\":\"search_term_string\"}}],\"inLanguage\":\"tr\"},{\"@type\":\"Organization\",\"@id\":\"https:\\\/\\\/insancharity.org\\\/tr\\\/#organization\",\"name\":\"\u0130nsan \u0130nsani Yard\u0131m Derne\u011fi\",\"url\":\"https:\\\/\\\/insancharity.org\\\/tr\\\/\",\"logo\":{\"@type\":\"ImageObject\",\"inLanguage\":\"tr\",\"@id\":\"https:\\\/\\\/insancharity.org\\\/tr\\\/#\\\/schema\\\/logo\\\/image\\\/\",\"url\":\"https:\\\/\\\/insancharity.org\\\/wp-content\\\/uploads\\\/2024\\\/10\\\/Logo-SQ.png\",\"contentUrl\":\"https:\\\/\\\/insancharity.org\\\/wp-content\\\/uploads\\\/2024\\\/10\\\/Logo-SQ.png\",\"width\":1080,\"height\":1080,\"caption\":\"\u0130nsan \u0130nsani Yard\u0131m Derne\u011fi\"},\"image\":{\"@id\":\"https:\\\/\\\/insancharity.org\\\/tr\\\/#\\\/schema\\\/logo\\\/image\\\/\"},\"sameAs\":[\"https:\\\/\\\/www.facebook.com\\\/InsanCharityOrg\",\"https:\\\/\\\/x.com\\\/InsanCharityOrg\",\"https:\\\/\\\/instagram.com\\\/insancharityorg\",\"https:\\\/\\\/www.youtube.com\\\/channel\\\/UCvHB6-QYyzBBMQ6lbtxAbhg\",\"https:\\\/\\\/www.linkedin.com\\\/company\\\/insancharity\\\/\"]}]}<\/script>\n<!-- \/ Yoast SEO plugin. -->","yoast_head_json":{"title":"Bizimle g\u00f6n\u00fcll\u00fc olun - \u0130nsan \u0130nsani Yard\u0131m Derne\u011fi","robots":{"index":"index","follow":"follow","max-snippet":"max-snippet:-1","max-image-preview":"max-image-preview:large","max-video-preview":"max-video-preview:-1"},"canonical":"https:\/\/insancharity.org\/tr\/bizimle-gonullu-olun\/","og_locale":"tr_TR","og_type":"article","og_title":"Bizimle g\u00f6n\u00fcll\u00fc olun - \u0130nsan \u0130nsani Yard\u0131m Derne\u011fi","og_url":"https:\/\/insancharity.org\/tr\/bizimle-gonullu-olun\/","og_site_name":"\u0130nsan \u0130nsani Yard\u0131m Derne\u011fi","article_publisher":"https:\/\/www.facebook.com\/InsanCharityOrg","article_modified_time":"2024-11-03T19:24:52+00:00","og_image":[{"width":1600,"height":900,"url":"https:\/\/insancharity.org\/wp-content\/uploads\/2024\/10\/Featured-Image-copy.jpg","type":"image\/jpeg"}],"twitter_card":"summary_large_image","twitter_site":"@InsanCharityOrg","twitter_misc":{"Tahmini okuma s\u00fcresi":"3 dakika"},"schema":{"@context":"https:\/\/schema.org","@graph":[{"@type":"WebPage","@id":"https:\/\/insancharity.org\/tr\/bizimle-gonullu-olun\/","url":"https:\/\/insancharity.org\/tr\/bizimle-gonullu-olun\/","name":"Bizimle g\u00f6n\u00fcll\u00fc olun - \u0130nsan \u0130nsani Yard\u0131m Derne\u011fi","isPartOf":{"@id":"https:\/\/insancharity.org\/tr\/#website"},"datePublished":"2024-10-15T09:29:38+00:00","dateModified":"2024-11-03T19:24:52+00:00","breadcrumb":{"@id":"https:\/\/insancharity.org\/tr\/bizimle-gonullu-olun\/#breadcrumb"},"inLanguage":"tr","potentialAction":[{"@type":"ReadAction","target":["https:\/\/insancharity.org\/tr\/bizimle-gonullu-olun\/"]}]},{"@type":"BreadcrumbList","@id":"https:\/\/insancharity.org\/tr\/bizimle-gonullu-olun\/#breadcrumb","itemListElement":[{"@type":"ListItem","position":1,"name":"\u0627\u0644\u0631\u0626\u064a\u0633\u064a\u0629","item":"https:\/\/insancharity.org\/tr\/"},{"@type":"ListItem","position":2,"name":"Bizimle g\u00f6n\u00fcll\u00fc olun"}]},{"@type":"WebSite","@id":"https:\/\/insancharity.org\/tr\/#website","url":"https:\/\/insancharity.org\/tr\/","name":"\u0645\u0646\u0638\u0645\u0629 \u0625\u0646\u0633\u0627\u0646 \u0627\u0644\u062e\u064a\u0631\u064a\u0629","description":"","publisher":{"@id":"https:\/\/insancharity.org\/tr\/#organization"},"potentialAction":[{"@type":"SearchAction","target":{"@type":"EntryPoint","urlTemplate":"https:\/\/insancharity.org\/tr\/?s={search_term_string}"},"query-input":{"@type":"PropertyValueSpecification","valueRequired":true,"valueName":"search_term_string"}}],"inLanguage":"tr"},{"@type":"Organization","@id":"https:\/\/insancharity.org\/tr\/#organization","name":"\u0130nsan \u0130nsani Yard\u0131m Derne\u011fi","url":"https:\/\/insancharity.org\/tr\/","logo":{"@type":"ImageObject","inLanguage":"tr","@id":"https:\/\/insancharity.org\/tr\/#\/schema\/logo\/image\/","url":"https:\/\/insancharity.org\/wp-content\/uploads\/2024\/10\/Logo-SQ.png","contentUrl":"https:\/\/insancharity.org\/wp-content\/uploads\/2024\/10\/Logo-SQ.png","width":1080,"height":1080,"caption":"\u0130nsan \u0130nsani Yard\u0131m Derne\u011fi"},"image":{"@id":"https:\/\/insancharity.org\/tr\/#\/schema\/logo\/image\/"},"sameAs":["https:\/\/www.facebook.com\/InsanCharityOrg","https:\/\/x.com\/InsanCharityOrg","https:\/\/instagram.com\/insancharityorg","https:\/\/www.youtube.com\/channel\/UCvHB6-QYyzBBMQ6lbtxAbhg","https:\/\/www.linkedin.com\/company\/insancharity\/"]}]}},"_links":{"self":[{"href":"https:\/\/insancharity.org\/tr\/wp-json\/wp\/v2\/pages\/1411","targetHints":{"allow":["GET"]}}],"collection":[{"href":"https:\/\/insancharity.org\/tr\/wp-json\/wp\/v2\/pages"}],"about":[{"href":"https:\/\/insancharity.org\/tr\/wp-json\/wp\/v2\/types\/page"}],"author":[{"embeddable":true,"href":"https:\/\/insancharity.org\/tr\/wp-json\/wp\/v2\/users\/1"}],"replies":[{"embeddable":true,"href":"https:\/\/insancharity.org\/tr\/wp-json\/wp\/v2\/comments?post=1411"}],"version-history":[{"count":1,"href":"https:\/\/insancharity.org\/tr\/wp-json\/wp\/v2\/pages\/1411\/revisions"}],"predecessor-version":[{"id":1412,"href":"https:\/\/insancharity.org\/tr\/wp-json\/wp\/v2\/pages\/1411\/revisions\/1412"}],"wp:attachment":[{"href":"https:\/\/insancharity.org\/tr\/wp-json\/wp\/v2\/media?parent=1411"}],"curies":[{"name":"wp","href":"https:\/\/api.w.org\/{rel}","templated":true}]}}