{"id":1404,"date":"2024-10-15T12:29:57","date_gmt":"2024-10-15T09:29:57","guid":{"rendered":"https:\/\/insancharity.org\/%d8%aa%d8%a8%d8%b1%d8%b9\/"},"modified":"2024-11-03T18:34:26","modified_gmt":"2024-11-03T15:34:26","slug":"bagis","status":"publish","type":"page","link":"https:\/\/insancharity.org\/tr\/bagis\/","title":{"rendered":"Ba\u011f\u0131\u015f"},"content":{"rendered":"<div class=\"fusion-fullwidth fullwidth-box fusion-builder-row-1 fusion-flex-container has-pattern-background has-mask-background nonhundred-percent-fullwidth non-hundred-percent-height-scrolling\" style=\"--awb-border-radius-top-left:0px;--awb-border-radius-top-right:0px;--awb-border-radius-bottom-right:0px;--awb-border-radius-bottom-left:0px;--awb-flex-wrap:wrap;\" ><div class=\"fusion-builder-row fusion-row fusion-flex-align-items-flex-start fusion-flex-content-wrap\" style=\"max-width:1248px;margin-left: calc(-4% \/ 2 );margin-right: calc(-4% \/ 2 );\"><div class=\"fusion-layout-column fusion_builder_column fusion-builder-column-0 fusion_builder_column_1_1 1_1 fusion-flex-column\" style=\"--awb-bg-size:cover;--awb-width-large:100%;--awb-margin-top-large:0px;--awb-spacing-right-large:1.92%;--awb-margin-bottom-large:20px;--awb-spacing-left-large:1.92%;--awb-width-medium:100%;--awb-order-medium:0;--awb-spacing-right-medium:1.92%;--awb-spacing-left-medium:1.92%;--awb-width-small:100%;--awb-order-small:0;--awb-spacing-right-small:1.92%;--awb-spacing-left-small:1.92%;\"><div class=\"fusion-column-wrapper fusion-column-has-shadow fusion-flex-justify-content-flex-start fusion-content-layout-column\"><div class=\"fusion-text fusion-text-1\"><div class=\"elementor-element elementor-element-1d19d78 elementor-widget elementor-widget-heading\" data-id=\"1d19d78\" data-element_type=\"widget\" data-widget_type=\"heading.default\">\n<div class=\"elementor-widget-container\">\n<p><strong>Ba\u011f\u0131\u015f\u0131n\u0131z bizim i\u00e7in \u00f6nemli<\/strong><\/p>\n<p>C\u00f6mertli\u011finiz ve harcamalar\u0131n\u0131zla bir\u00e7ok hayat kurtar\u0131yor ve bir\u00e7ok ki\u015finin ac\u0131s\u0131n\u0131 hafifletiyorsunuz.<\/p>\n<p><strong>Ba\u011f\u0131\u015f talebinizi a\u015fa\u011f\u0131daki form arac\u0131l\u0131\u011f\u0131yla g\u00f6nderebilirsiniz:<\/strong><\/p>\n<\/div>\n<\/div>\n<\/div><div class=\"fusion-form fusion-form-builder fusion-form-form-wrapper fusion-form-1433\" style=\"--awb-tooltip-text-color:#ffffff;--awb-tooltip-background-color:#333333;--awb-form-placeholder-color:hsla(var(--awb-color8-h),var(--awb-color8-s),var(--awb-color8-l),calc(var(--awb-color8-a) - 65%));\" data-form-id=\"1433\" data-config=\"{&quot;form_id&quot;:1433,&quot;form_post_id&quot;:1433,&quot;post_id&quot;:1404,&quot;form_type&quot;:&quot;ajax&quot;,&quot;confirmation_type&quot;:&quot;message&quot;,&quot;redirect_url&quot;:&quot;&quot;,&quot;field_labels&quot;:{&quot;name&quot;:&quot;Ad Soyad&quot;,&quot;email&quot;:&quot;E-posta&quot;,&quot;phone&quot;:&quot;Irtibat numaras\\u0131&quot;,&quot;donation&quot;:&quot;Ba\\u011f\\u0131\\u015f&quot;,&quot;currency&quot;:&quot;Para birimi&quot;},&quot;field_logics&quot;:{&quot;name&quot;:&quot;&quot;,&quot;email&quot;:&quot;&quot;,&quot;phone&quot;:&quot;&quot;,&quot;donation&quot;:&quot;&quot;,&quot;currency&quot;:&quot;&quot;,&quot;notice_1&quot;:&quot;&quot;,&quot;submit_1&quot;:&quot;&quot;},&quot;field_types&quot;:{&quot;name&quot;:&quot;text&quot;,&quot;email&quot;:&quot;email&quot;,&quot;phone&quot;:&quot;text&quot;,&quot;donation&quot;:&quot;number&quot;,&quot;currency&quot;:&quot;text&quot;,&quot;recaptcha_1&quot;:&quot;recaptcha&quot;,&quot;notice_1&quot;:&quot;notice&quot;,&quot;submit_1&quot;:&quot;submit&quot;},&quot;nonce_method&quot;:&quot;ajax&quot;,&quot;form_views&quot;:&quot;ajax&quot;,&quot;form_views_counting&quot;:&quot;all&quot;}\"><form action=\"https:\/\/insancharity.org\/tr\/bagis\/\" method=\"post\" class=\"fusion-form fusion-form-1433\"><div class=\"fusion-fullwidth fullwidth-box fusion-builder-row-1-1 fusion-flex-container has-pattern-background has-mask-background nonhundred-percent-fullwidth non-hundred-percent-height-scrolling\" style=\"--awb-border-radius-top-left:0px;--awb-border-radius-top-right:0px;--awb-border-radius-bottom-right:0px;--awb-border-radius-bottom-left:0px;--awb-flex-wrap:wrap;\" ><div class=\"fusion-builder-row fusion-row fusion-flex-align-items-flex-start fusion-flex-content-wrap\" style=\"width:104% !important;max-width:104% !important;margin-left: calc(-4% \/ 2 );margin-right: calc(-4% \/ 2 );\"><div class=\"fusion-layout-column fusion_builder_column fusion-builder-column-1 fusion_builder_column_1_1 1_1 fusion-flex-column\" style=\"--awb-bg-size:cover;--awb-width-large:100%;--awb-flex-grow:0;--awb-flex-shrink:0;--awb-margin-top-large:0px;--awb-spacing-right-large:1.92%;--awb-margin-bottom-large:20px;--awb-spacing-left-large:1.92%;--awb-width-medium:100%;--awb-order-medium:0;--awb-flex-grow-medium:0;--awb-flex-shrink-medium:0;--awb-spacing-right-medium:1.92%;--awb-spacing-left-medium:1.92%;--awb-width-small:100%;--awb-order-small:0;--awb-flex-grow-small:0;--awb-flex-shrink-small:0;--awb-spacing-right-small:1.92%;--awb-spacing-left-small:1.92%;\"><div class=\"fusion-column-wrapper fusion-column-has-shadow fusion-flex-justify-content-flex-start fusion-content-layout-column\"><div class=\"fusion-form-field fusion-form-text-field fusion-form-label-above\" style=\"\" data-form-id=\"1433\"><div class=\"fusion-form-label-wrapper\"><label for=\"name\">Ad Soyad<\/label><\/div><input type=\"text\" autocomplete=\"off\" name=\"name\" id=\"name\" value=\"\"  class=\"fusion-form-input\" data-holds-private-data=\"false\" minlength=\"0\"\/><\/div><div class=\"fusion-form-field fusion-form-email-field fusion-form-label-above\" style=\"\" data-form-id=\"1433\"><div class=\"fusion-form-label-wrapper\"><label for=\"email\">E-posta <abbr class=\"fusion-form-element-required\" title=\"required\">*<\/abbr><\/label><\/div><div class=\"fusion-form-input-with-icon\"><i class=\"awb-form-icon fa-envelope fas\"><\/i><input type=\"email\" autocomplete=\"off\"  data-empty-notice=\"\u0645\u0646 \u0641\u0636\u0644\u0643 \u0627\u0643\u062a\u0628 \u0628\u0631\u064a\u062f\u0643 \u0627\u0644\u0627\u0644\u0643\u062a\u0631\u0648\u0646\u064a \u0628\u0634\u0643\u0644 \u0635\u062d\u064a\u062d \u0644\u0646\u062a\u0645\u0643\u0646 \u0645\u0646 \u0627\u0644\u062a\u0648\u0627\u0635\u0644 \u0645\u0639\u0643!\" name=\"email\" id=\"email\" value=\"\"  class=\"fusion-form-input\" required=\"true\" aria-required=\"true\" data-holds-private-data=\"false\"\/><\/div><\/div><div class=\"fusion-form-field fusion-form-text-field fusion-form-label-above\" style=\"\" data-form-id=\"1433\"><div class=\"fusion-form-label-wrapper\"><label for=\"phone\">Irtibat numaras\u0131<\/label><\/div><div class=\"fusion-form-input-with-icon\"><i class=\"awb-form-icon fa-phone-alt fas\"><\/i><input type=\"text\" autocomplete=\"off\"  pattern=\"[0-9()#&+*-=.]+\"  data-invalid-notice=\"\u0645\u0646 \u0641\u0636\u0644\u0643 \u0623\u062f\u062e\u0644 \u0627\u0644\u0631\u0642\u0645 \u0628\u0634\u0643\u0644 \u0635\u062d\u064a\u062d\" name=\"phone\" id=\"phone\" value=\"\"  class=\"fusion-form-input\" data-holds-private-data=\"false\" minlength=\"0\"\/><\/div><\/div><div class=\"fusion-form-field fusion-form-number-field fusion-form-label-above\" style=\"\" data-form-id=\"1433\"><div class=\"fusion-form-label-wrapper\"><label for=\"donation\">Ba\u011f\u0131\u015f <abbr class=\"fusion-form-element-required\" title=\"required\">*<\/abbr><\/label><\/div><div class=\"fusion-form-input-with-icon\"><i class=\"awb-form-icon fa-hand-holding-usd fas\"><\/i><input type=\"number\" autocomplete=\"off\"  data-invalid-notice=\"L\u00fctfen numaray\u0131 do\u011fru giriniz\"  data-empty-notice=\"L\u00fctfen ne kadar ba\u011f\u0131\u015f yapmay\u0131 d\u00fc\u015f\u00fcn\u00fcyorsunuz?\" name=\"donation\" id=\"donation\" value=\"\"  class=\"fusion-form-input\" required=\"true\" aria-required=\"true\" placeholder=\"100 *\" data-holds-private-data=\"false\" min=\"1\" max=\"100000000\"\/><\/div><\/div><div class=\"fusion-form-field fusion-form-text-field fusion-form-label-above\" style=\"\" data-form-id=\"1433\"><div class=\"fusion-form-label-wrapper\"><label for=\"currency\">Para birimi <abbr class=\"fusion-form-element-required\" title=\"required\">*<\/abbr><\/label><\/div><input type=\"text\" autocomplete=\"off\"  data-empty-notice=\"L\u00fctfen kullan\u0131lan para birimini girin\" name=\"currency\" id=\"currency\" value=\"\"  class=\"fusion-form-input\" required=\"true\" aria-required=\"true\" placeholder=\"Dolar, euro... *\" data-holds-private-data=\"false\" minlength=\"0\"\/><\/div><div class=\"fusion-form-field fusion-form-recaptcha-field fusion-form-label-above\" style=\"\" data-form-id=\"1433\">\t\t\t\t<div class=\"form-creator-recaptcha\" >\n\t\t\t\t\t\t\t\t\t\t\t\t\t\t\t\t\t\t\t\t\t\t\t<div class=\"fusion-form-recaptcha-wrapper\">\n\t\t\t\t\t\t\t\t\t\t<div\n\t\t\t\t\t\t\tid=\"g-recaptcha-id-form-1433\"\n\t\t\t\t\t\t\tclass=\"fusion-form-recaptcha-v3 recaptcha-container \"\n\t\t\t\t\t\t\tdata-sitekey=\"6LfFMmQqAAAAAOo5_InbobRcfWMzhovD58DlakxY\"\n\t\t\t\t\t\t\tdata-badge=\"inline\">\n\t\t\t\t\t\t<\/div>\n\t\t\t\t\t\t<input\n\t\t\t\t\t\t\ttype=\"hidden\"\n\t\t\t\t\t\t\tname=\"fusion-form-recaptcha-response\"\n\t\t\t\t\t\t\tclass=\"g-recaptcha-response\"\n\t\t\t\t\t\t\tid=\"fusion-form-recaptcha-response-1433\"\n\t\t\t\t\t\t\tvalue=\"\">\n\t\t\t\t\t\t\t\t\t<\/div>\n\t\t\t\t\t\t\t\t\t\t\t\t\t\t\t<\/div>\n\t\t\t\t<\/div><div class=\"form-submission-notices data-notice_1\" id=\"fusion-notices-1\"><div class=\"fusion-alert alert success alert-success fusion-alert-center fusion-form-response fusion-form-response-success awb-alert-native-link-color alert-dismissable awb-alert-close-boxed\" role=\"alert\"><div class=\"fusion-alert-content-wrapper\"><span class=\"alert-icon\"><i class=\"awb-icon-check-circle\" aria-hidden=\"true\"><\/i><\/span><span class=\"fusion-alert-content\">Te\u015fekk\u00fcr ederiz, ekibimiz sa\u011flad\u0131\u011f\u0131n\u0131z ileti\u015fim ara\u00e7lar\u0131 \u00fczerinden sizinle ileti\u015fime ge\u00e7ecektir.<\/span><\/div><button type=\"button\" class=\"close toggle-alert\" data-dismiss=\"alert\" aria-label=\"Close\">&times;<\/button><\/div><div class=\"fusion-alert alert error alert-danger fusion-alert-center fusion-form-response fusion-form-response-error awb-alert-native-link-color alert-dismissable awb-alert-close-boxed\" role=\"alert\"><div class=\"fusion-alert-content-wrapper\"><span class=\"alert-icon\"><i class=\"awb-icon-exclamation-triangle\" aria-hidden=\"true\"><\/i><\/span><span class=\"fusion-alert-content\">G\u00f6nderim s\u0131ras\u0131nda bir hata olu\u015ftu. L\u00fctfen tekrar deneyin. Tekrarlanmas\u0131 durumunda l\u00fctfen ba\u015fka bir taray\u0131c\u0131dan deneyin veya web sitesinin info@insancharity.org adresine ba\u015fvurun.<\/span><\/div><button type=\"button\" class=\"close toggle-alert\" data-dismiss=\"alert\" aria-label=\"Close\">&times;<\/button><\/div><\/div><div class=\"fusion-form-field fusion-form-submit-field fusion-form-label-above\" style=\"\" data-form-id=\"1433\"><div ><button type=\"submit\" class=\"fusion-button button-flat fusion-button-default-size button-default fusion-button-default button-1 fusion-button-default-span  button-default form-form-submit\" data-form-number=\"1433\" tabindex=\"\"><span class=\"fusion-button-text awb-button__text awb-button__text--default\">G\u00f6nder<\/span><\/button><\/div><\/div><\/div><\/div><\/div><\/div><input type=\"hidden\" name=\"fusion_privacy_store_ip_ua\" value=\"false\"><input type=\"hidden\" name=\"fusion_privacy_expiration_interval\" value=\"48\"><input type=\"hidden\" name=\"privacy_expiration_action\" value=\"anonymize\"><\/form><\/div><\/div><\/div><\/div><\/div>\n","protected":false},"excerpt":{"rendered":"","protected":false},"author":1,"featured_media":0,"parent":0,"menu_order":0,"comment_status":"closed","ping_status":"closed","template":"","meta":{"_acf_changed":false,"footnotes":""},"class_list":["post-1404","page","type-page","status-publish","hentry"],"acf":[],"yoast_head":"<!-- This site is optimized with the Yoast SEO plugin v27.3 - https:\/\/yoast.com\/product\/yoast-seo-wordpress\/ -->\n<title>Ba\u011f\u0131\u015f - \u0130nsan \u0130nsani Yard\u0131m Derne\u011fi<\/title>\n<meta name=\"robots\" content=\"index, follow, max-snippet:-1, max-image-preview:large, max-video-preview:-1\" \/>\n<link rel=\"canonical\" href=\"https:\/\/insancharity.org\/tr\/bagis\/\" \/>\n<meta property=\"og:locale\" content=\"tr_TR\" \/>\n<meta property=\"og:type\" content=\"article\" \/>\n<meta property=\"og:title\" content=\"Ba\u011f\u0131\u015f - \u0130nsan \u0130nsani Yard\u0131m Derne\u011fi\" \/>\n<meta property=\"og:url\" content=\"https:\/\/insancharity.org\/tr\/bagis\/\" \/>\n<meta property=\"og:site_name\" content=\"\u0130nsan \u0130nsani Yard\u0131m Derne\u011fi\" \/>\n<meta property=\"article:publisher\" content=\"https:\/\/www.facebook.com\/InsanCharityOrg\" \/>\n<meta property=\"article:modified_time\" content=\"2024-11-03T15:34:26+00:00\" \/>\n<meta property=\"og:image\" content=\"https:\/\/insancharity.org\/wp-content\/uploads\/2024\/10\/Featured-Image-copy.jpg\" \/>\n\t<meta property=\"og:image:width\" content=\"1600\" \/>\n\t<meta property=\"og:image:height\" content=\"900\" \/>\n\t<meta property=\"og:image:type\" content=\"image\/jpeg\" \/>\n<meta name=\"twitter:card\" content=\"summary_large_image\" \/>\n<meta name=\"twitter:site\" content=\"@InsanCharityOrg\" \/>\n<meta name=\"twitter:label1\" content=\"Tahmini okuma s\u00fcresi\" \/>\n\t<meta name=\"twitter:data1\" content=\"4 dakika\" \/>\n<script type=\"application\/ld+json\" class=\"yoast-schema-graph\">{\"@context\":\"https:\\\/\\\/schema.org\",\"@graph\":[{\"@type\":\"WebPage\",\"@id\":\"https:\\\/\\\/insancharity.org\\\/tr\\\/bagis\\\/\",\"url\":\"https:\\\/\\\/insancharity.org\\\/tr\\\/bagis\\\/\",\"name\":\"Ba\u011f\u0131\u015f - \u0130nsan \u0130nsani Yard\u0131m Derne\u011fi\",\"isPartOf\":{\"@id\":\"https:\\\/\\\/insancharity.org\\\/tr\\\/#website\"},\"datePublished\":\"2024-10-15T09:29:57+00:00\",\"dateModified\":\"2024-11-03T15:34:26+00:00\",\"breadcrumb\":{\"@id\":\"https:\\\/\\\/insancharity.org\\\/tr\\\/bagis\\\/#breadcrumb\"},\"inLanguage\":\"tr\",\"potentialAction\":[{\"@type\":\"ReadAction\",\"target\":[\"https:\\\/\\\/insancharity.org\\\/tr\\\/bagis\\\/\"]}]},{\"@type\":\"BreadcrumbList\",\"@id\":\"https:\\\/\\\/insancharity.org\\\/tr\\\/bagis\\\/#breadcrumb\",\"itemListElement\":[{\"@type\":\"ListItem\",\"position\":1,\"name\":\"\u0627\u0644\u0631\u0626\u064a\u0633\u064a\u0629\",\"item\":\"https:\\\/\\\/insancharity.org\\\/tr\\\/\"},{\"@type\":\"ListItem\",\"position\":2,\"name\":\"Ba\u011f\u0131\u015f\"}]},{\"@type\":\"WebSite\",\"@id\":\"https:\\\/\\\/insancharity.org\\\/tr\\\/#website\",\"url\":\"https:\\\/\\\/insancharity.org\\\/tr\\\/\",\"name\":\"\u0645\u0646\u0638\u0645\u0629 \u0625\u0646\u0633\u0627\u0646 \u0627\u0644\u062e\u064a\u0631\u064a\u0629\",\"description\":\"\",\"publisher\":{\"@id\":\"https:\\\/\\\/insancharity.org\\\/tr\\\/#organization\"},\"potentialAction\":[{\"@type\":\"SearchAction\",\"target\":{\"@type\":\"EntryPoint\",\"urlTemplate\":\"https:\\\/\\\/insancharity.org\\\/tr\\\/?s={search_term_string}\"},\"query-input\":{\"@type\":\"PropertyValueSpecification\",\"valueRequired\":true,\"valueName\":\"search_term_string\"}}],\"inLanguage\":\"tr\"},{\"@type\":\"Organization\",\"@id\":\"https:\\\/\\\/insancharity.org\\\/tr\\\/#organization\",\"name\":\"\u0130nsan \u0130nsani Yard\u0131m Derne\u011fi\",\"url\":\"https:\\\/\\\/insancharity.org\\\/tr\\\/\",\"logo\":{\"@type\":\"ImageObject\",\"inLanguage\":\"tr\",\"@id\":\"https:\\\/\\\/insancharity.org\\\/tr\\\/#\\\/schema\\\/logo\\\/image\\\/\",\"url\":\"https:\\\/\\\/insancharity.org\\\/wp-content\\\/uploads\\\/2024\\\/10\\\/Logo-SQ.png\",\"contentUrl\":\"https:\\\/\\\/insancharity.org\\\/wp-content\\\/uploads\\\/2024\\\/10\\\/Logo-SQ.png\",\"width\":1080,\"height\":1080,\"caption\":\"\u0130nsan \u0130nsani Yard\u0131m Derne\u011fi\"},\"image\":{\"@id\":\"https:\\\/\\\/insancharity.org\\\/tr\\\/#\\\/schema\\\/logo\\\/image\\\/\"},\"sameAs\":[\"https:\\\/\\\/www.facebook.com\\\/InsanCharityOrg\",\"https:\\\/\\\/x.com\\\/InsanCharityOrg\",\"https:\\\/\\\/instagram.com\\\/insancharityorg\",\"https:\\\/\\\/www.youtube.com\\\/channel\\\/UCvHB6-QYyzBBMQ6lbtxAbhg\",\"https:\\\/\\\/www.linkedin.com\\\/company\\\/insancharity\\\/\"]}]}<\/script>\n<!-- \/ Yoast SEO plugin. -->","yoast_head_json":{"title":"Ba\u011f\u0131\u015f - \u0130nsan \u0130nsani Yard\u0131m Derne\u011fi","robots":{"index":"index","follow":"follow","max-snippet":"max-snippet:-1","max-image-preview":"max-image-preview:large","max-video-preview":"max-video-preview:-1"},"canonical":"https:\/\/insancharity.org\/tr\/bagis\/","og_locale":"tr_TR","og_type":"article","og_title":"Ba\u011f\u0131\u015f - \u0130nsan \u0130nsani Yard\u0131m Derne\u011fi","og_url":"https:\/\/insancharity.org\/tr\/bagis\/","og_site_name":"\u0130nsan \u0130nsani Yard\u0131m Derne\u011fi","article_publisher":"https:\/\/www.facebook.com\/InsanCharityOrg","article_modified_time":"2024-11-03T15:34:26+00:00","og_image":[{"width":1600,"height":900,"url":"https:\/\/insancharity.org\/wp-content\/uploads\/2024\/10\/Featured-Image-copy.jpg","type":"image\/jpeg"}],"twitter_card":"summary_large_image","twitter_site":"@InsanCharityOrg","twitter_misc":{"Tahmini okuma s\u00fcresi":"4 dakika"},"schema":{"@context":"https:\/\/schema.org","@graph":[{"@type":"WebPage","@id":"https:\/\/insancharity.org\/tr\/bagis\/","url":"https:\/\/insancharity.org\/tr\/bagis\/","name":"Ba\u011f\u0131\u015f - \u0130nsan \u0130nsani Yard\u0131m Derne\u011fi","isPartOf":{"@id":"https:\/\/insancharity.org\/tr\/#website"},"datePublished":"2024-10-15T09:29:57+00:00","dateModified":"2024-11-03T15:34:26+00:00","breadcrumb":{"@id":"https:\/\/insancharity.org\/tr\/bagis\/#breadcrumb"},"inLanguage":"tr","potentialAction":[{"@type":"ReadAction","target":["https:\/\/insancharity.org\/tr\/bagis\/"]}]},{"@type":"BreadcrumbList","@id":"https:\/\/insancharity.org\/tr\/bagis\/#breadcrumb","itemListElement":[{"@type":"ListItem","position":1,"name":"\u0627\u0644\u0631\u0626\u064a\u0633\u064a\u0629","item":"https:\/\/insancharity.org\/tr\/"},{"@type":"ListItem","position":2,"name":"Ba\u011f\u0131\u015f"}]},{"@type":"WebSite","@id":"https:\/\/insancharity.org\/tr\/#website","url":"https:\/\/insancharity.org\/tr\/","name":"\u0645\u0646\u0638\u0645\u0629 \u0625\u0646\u0633\u0627\u0646 \u0627\u0644\u062e\u064a\u0631\u064a\u0629","description":"","publisher":{"@id":"https:\/\/insancharity.org\/tr\/#organization"},"potentialAction":[{"@type":"SearchAction","target":{"@type":"EntryPoint","urlTemplate":"https:\/\/insancharity.org\/tr\/?s={search_term_string}"},"query-input":{"@type":"PropertyValueSpecification","valueRequired":true,"valueName":"search_term_string"}}],"inLanguage":"tr"},{"@type":"Organization","@id":"https:\/\/insancharity.org\/tr\/#organization","name":"\u0130nsan \u0130nsani Yard\u0131m Derne\u011fi","url":"https:\/\/insancharity.org\/tr\/","logo":{"@type":"ImageObject","inLanguage":"tr","@id":"https:\/\/insancharity.org\/tr\/#\/schema\/logo\/image\/","url":"https:\/\/insancharity.org\/wp-content\/uploads\/2024\/10\/Logo-SQ.png","contentUrl":"https:\/\/insancharity.org\/wp-content\/uploads\/2024\/10\/Logo-SQ.png","width":1080,"height":1080,"caption":"\u0130nsan \u0130nsani Yard\u0131m Derne\u011fi"},"image":{"@id":"https:\/\/insancharity.org\/tr\/#\/schema\/logo\/image\/"},"sameAs":["https:\/\/www.facebook.com\/InsanCharityOrg","https:\/\/x.com\/InsanCharityOrg","https:\/\/instagram.com\/insancharityorg","https:\/\/www.youtube.com\/channel\/UCvHB6-QYyzBBMQ6lbtxAbhg","https:\/\/www.linkedin.com\/company\/insancharity\/"]}]}},"_links":{"self":[{"href":"https:\/\/insancharity.org\/tr\/wp-json\/wp\/v2\/pages\/1404","targetHints":{"allow":["GET"]}}],"collection":[{"href":"https:\/\/insancharity.org\/tr\/wp-json\/wp\/v2\/pages"}],"about":[{"href":"https:\/\/insancharity.org\/tr\/wp-json\/wp\/v2\/types\/page"}],"author":[{"embeddable":true,"href":"https:\/\/insancharity.org\/tr\/wp-json\/wp\/v2\/users\/1"}],"replies":[{"embeddable":true,"href":"https:\/\/insancharity.org\/tr\/wp-json\/wp\/v2\/comments?post=1404"}],"version-history":[{"count":1,"href":"https:\/\/insancharity.org\/tr\/wp-json\/wp\/v2\/pages\/1404\/revisions"}],"predecessor-version":[{"id":1407,"href":"https:\/\/insancharity.org\/tr\/wp-json\/wp\/v2\/pages\/1404\/revisions\/1407"}],"wp:attachment":[{"href":"https:\/\/insancharity.org\/tr\/wp-json\/wp\/v2\/media?parent=1404"}],"curies":[{"name":"wp","href":"https:\/\/api.w.org\/{rel}","templated":true}]}}